{"id":406,"date":"2023-12-18T13:28:38","date_gmt":"2023-12-18T13:28:38","guid":{"rendered":"https:\/\/tecnobimpro.com\/?page_id=406"},"modified":"2025-12-10T21:12:51","modified_gmt":"2025-12-10T21:12:51","slug":"as-built-2d-to-3d","status":"publish","type":"page","link":"https:\/\/tecnobimpro.com\/en\/as-built-2d-to-3d\/","title":{"rendered":"As Built 2D To 3D"},"content":{"rendered":"<div data-elementor-type=\"wp-page\" data-elementor-id=\"406\" class=\"elementor elementor-406\" data-elementor-post-type=\"page\">\n\t\t\t\t<div class=\"elementor-element elementor-element-84c4fa5 e-con-full e-flex e-con e-parent\" data-id=\"84c4fa5\" data-element_type=\"container\" data-settings=\"{&quot;background_background&quot;:&quot;slideshow&quot;,&quot;background_slideshow_gallery&quot;:[{&quot;id&quot;:411,&quot;url&quot;:&quot;https:\\\/\\\/tecnobimpro.com\\\/wp-content\\\/uploads\\\/2023\\\/12\\\/1.webp&quot;},{&quot;id&quot;:412,&quot;url&quot;:&quot;https:\\\/\\\/tecnobimpro.com\\\/wp-content\\\/uploads\\\/2023\\\/12\\\/2.webp&quot;},{&quot;id&quot;:413,&quot;url&quot;:&quot;https:\\\/\\\/tecnobimpro.com\\\/wp-content\\\/uploads\\\/2023\\\/12\\\/3.webp&quot;}],&quot;background_slideshow_ken_burns&quot;:&quot;yes&quot;,&quot;background_slideshow_slide_duration&quot;:4000,&quot;background_slideshow_loop&quot;:&quot;yes&quot;,&quot;background_slideshow_slide_transition&quot;:&quot;fade&quot;,&quot;background_slideshow_transition_duration&quot;:500,&quot;background_slideshow_ken_burns_zoom_direction&quot;:&quot;in&quot;}\">\n\t\t<div class=\"elementor-element elementor-element-5b9bb48 e-flex e-con-boxed e-con e-child\" data-id=\"5b9bb48\" data-element_type=\"container\">\n\t\t\t\t\t<div class=\"e-con-inner\">\n\t\t\t\t<div class=\"elementor-element elementor-element-758eaed elementor-widget elementor-widget-button\" data-id=\"758eaed\" data-element_type=\"widget\" data-widget_type=\"button.default\">\n\t\t\t\t<div class=\"elementor-widget-container\">\n\t\t\t\t\t\t\t\t\t<div class=\"elementor-button-wrapper\">\n\t\t\t\t\t<a class=\"elementor-button elementor-button-link elementor-size-sm\" href=\"https:\/\/tecnobimpro.com\/en\/home\/\">\n\t\t\t\t\t\t<span class=\"elementor-button-content-wrapper\">\n\t\t\t\t\t\t\t\t\t<span class=\"elementor-button-text\">Home<\/span>\n\t\t\t\t\t<\/span>\n\t\t\t\t\t<\/a>\n\t\t\t\t<\/div>\n\t\t\t\t\t\t\t\t<\/div>\n\t\t\t\t<\/div>\n\t\t\t\t<div class=\"elementor-element elementor-element-5f45aba elementor-widget elementor-widget-heading\" data-id=\"5f45aba\" data-element_type=\"widget\" data-widget_type=\"heading.default\">\n\t\t\t\t<div class=\"elementor-widget-container\">\n\t\t\t\t\t<p class=\"elementor-heading-title elementor-size-default\">&gt;<\/p>\t\t\t\t<\/div>\n\t\t\t\t<\/div>\n\t\t\t\t<div class=\"elementor-element elementor-element-ffc0c53 elementor-widget elementor-widget-heading\" data-id=\"ffc0c53\" data-element_type=\"widget\" data-widget_type=\"heading.default\">\n\t\t\t\t<div class=\"elementor-widget-container\">\n\t\t\t\t\t<p class=\"elementor-heading-title elementor-size-default\"><a href=\"https:\/\/tecnobimpro.com\/en\/services\/\">Services<\/a><\/p>\t\t\t\t<\/div>\n\t\t\t\t<\/div>\n\t\t\t\t<div class=\"elementor-element elementor-element-6f43d40 elementor-widget elementor-widget-heading\" data-id=\"6f43d40\" data-element_type=\"widget\" data-widget_type=\"heading.default\">\n\t\t\t\t<div class=\"elementor-widget-container\">\n\t\t\t\t\t<p class=\"elementor-heading-title elementor-size-default\">&gt;<\/p>\t\t\t\t<\/div>\n\t\t\t\t<\/div>\n\t\t\t\t<div class=\"elementor-element elementor-element-db24658 elementor-widget elementor-widget-heading\" data-id=\"db24658\" data-element_type=\"widget\" data-widget_type=\"heading.default\">\n\t\t\t\t<div class=\"elementor-widget-container\">\n\t\t\t\t\t<p class=\"elementor-heading-title elementor-size-default\">AS BUILT 2D TO 3D<\/p>\t\t\t\t<\/div>\n\t\t\t\t<\/div>\n\t\t\t\t\t<\/div>\n\t\t\t\t<\/div>\n\t\t\t\t<\/div>\n\t\t<div class=\"elementor-element elementor-element-681ad53 e-flex e-con-boxed e-con e-parent\" data-id=\"681ad53\" data-element_type=\"container\" data-settings=\"{&quot;background_background&quot;:&quot;classic&quot;}\">\n\t\t\t\t\t<div class=\"e-con-inner\">\n\t\t\t\t<div class=\"elementor-element elementor-element-cff8152 elementor-widget elementor-widget-spacer\" data-id=\"cff8152\" data-element_type=\"widget\" data-widget_type=\"spacer.default\">\n\t\t\t\t<div class=\"elementor-widget-container\">\n\t\t\t\t\t\t\t<div class=\"elementor-spacer\">\n\t\t\t<div class=\"elementor-spacer-inner\"><\/div>\n\t\t<\/div>\n\t\t\t\t\t\t<\/div>\n\t\t\t\t<\/div>\n\t\t\t\t<div class=\"elementor-element elementor-element-80873e5 elementor-widget elementor-widget-heading\" data-id=\"80873e5\" data-element_type=\"widget\" data-widget_type=\"heading.default\">\n\t\t\t\t<div class=\"elementor-widget-container\">\n\t\t\t\t\t<h2 class=\"elementor-heading-title elementor-size-default\">AS BUILT 2D TO 3D<\/h2>\t\t\t\t<\/div>\n\t\t\t\t<\/div>\n\t\t\t\t<div class=\"elementor-element elementor-element-92bdec1 elementor-widget elementor-widget-text-editor\" data-id=\"92bdec1\" data-element_type=\"widget\" data-widget_type=\"text-editor.default\">\n\t\t\t\t<div class=\"elementor-widget-container\">\n\t\t\t\t\t\t\t\t\t<p>In our As-Built 2D to 3D service, we refer to the conversion and update of existing two-dimensional (2D) plans or documents into three-dimensional (3D REVIT) models that accurately represent the actual condition of a building or project after its construction. This service captures as-built details, including any modifications, changes, or adjustments made during the construction process.<\/p><p><strong>Benefits:<\/strong><\/p><ul><li>As-Built Accuracy: We ensure precision in representing the current condition of your project, providing a solid foundation for future decisions and improvements.<\/li><li>Resource Optimization: By converting existing 2D plans into 3D models, we optimize resource utilization and facilitate the planning of future projects.<\/li><li>Enhances Maintainability: 3D as-built models provide a valuable tool for asset management and facilitate the planning of maintenance activities.<\/li><\/ul><p>\u00a0<\/p><p>The primary purpose of the As-Built 2D to 3D service is to provide a virtual and three-dimensional representation of an environment or structure, allowing for a more comprehensive and accurate visualization of reality. This is particularly valuable for construction, architecture, and engineering projects, as 3D as-built models offer an effective tool for decision-making, asset management, and analysis of the current condition of infrastructure.<\/p>\t\t\t\t\t\t\t\t<\/div>\n\t\t\t\t<\/div>\n\t\t\t\t\t<\/div>\n\t\t\t\t<\/div>\n\t\t<div class=\"elementor-element elementor-element-49a984d e-flex e-con-boxed e-con e-parent\" data-id=\"49a984d\" data-element_type=\"container\" data-settings=\"{&quot;background_background&quot;:&quot;classic&quot;}\">\n\t\t\t\t\t<div class=\"e-con-inner\">\n\t\t\t\t<div class=\"elementor-element elementor-element-cfef1b3 elementor-arrows-position-inside elementor-pagination-position-outside elementor-widget elementor-widget-image-carousel\" data-id=\"cfef1b3\" data-element_type=\"widget\" data-settings=\"{&quot;slides_to_show&quot;:&quot;2&quot;,&quot;navigation&quot;:&quot;both&quot;,&quot;autoplay&quot;:&quot;yes&quot;,&quot;pause_on_hover&quot;:&quot;yes&quot;,&quot;pause_on_interaction&quot;:&quot;yes&quot;,&quot;autoplay_speed&quot;:5000,&quot;infinite&quot;:&quot;yes&quot;,&quot;speed&quot;:500,&quot;image_spacing_custom&quot;:{&quot;unit&quot;:&quot;px&quot;,&quot;size&quot;:20,&quot;sizes&quot;:[]},&quot;image_spacing_custom_widescreen&quot;:{&quot;unit&quot;:&quot;px&quot;,&quot;size&quot;:&quot;&quot;,&quot;sizes&quot;:[]},&quot;image_spacing_custom_laptop&quot;:{&quot;unit&quot;:&quot;px&quot;,&quot;size&quot;:&quot;&quot;,&quot;sizes&quot;:[]},&quot;image_spacing_custom_tablet_extra&quot;:{&quot;unit&quot;:&quot;px&quot;,&quot;size&quot;:&quot;&quot;,&quot;sizes&quot;:[]},&quot;image_spacing_custom_tablet&quot;:{&quot;unit&quot;:&quot;px&quot;,&quot;size&quot;:&quot;&quot;,&quot;sizes&quot;:[]},&quot;image_spacing_custom_mobile_extra&quot;:{&quot;unit&quot;:&quot;px&quot;,&quot;size&quot;:&quot;&quot;,&quot;sizes&quot;:[]},&quot;image_spacing_custom_mobile&quot;:{&quot;unit&quot;:&quot;px&quot;,&quot;size&quot;:&quot;&quot;,&quot;sizes&quot;:[]}}\" data-widget_type=\"image-carousel.default\">\n\t\t\t\t<div class=\"elementor-widget-container\">\n\t\t\t\t\t\t\t<div class=\"elementor-image-carousel-wrapper swiper\" role=\"region\" aria-roledescription=\"carousel\" aria-label=\"Carrusel de im\u00e1genes\" dir=\"ltr\">\n\t\t\t<div class=\"elementor-image-carousel swiper-wrapper\" aria-live=\"off\">\n\t\t\t\t\t\t\t\t<div class=\"swiper-slide\" role=\"group\" aria-roledescription=\"slide\" aria-label=\"1 of 11\" data-no-translation-aria-label=\"\"><figure class=\"swiper-slide-inner\"><img decoding=\"async\" class=\"swiper-slide-image\" src=\"https:\/\/tecnobimpro.com\/wp-content\/uploads\/2023\/12\/2-2.jpg\" alt=\"2\" \/><\/figure><\/div><div class=\"swiper-slide\" role=\"group\" aria-roledescription=\"slide\" aria-label=\"2 of 11\" data-no-translation-aria-label=\"\"><figure class=\"swiper-slide-inner\"><img decoding=\"async\" class=\"swiper-slide-image\" src=\"https:\/\/tecnobimpro.com\/wp-content\/uploads\/2023\/12\/2023-11-23_111244.jpg\" alt=\"2023-11-23_111244\" \/><\/figure><\/div><div class=\"swiper-slide\" role=\"group\" aria-roledescription=\"slide\" aria-label=\"3 of 11\" data-no-translation-aria-label=\"\"><figure class=\"swiper-slide-inner\"><img decoding=\"async\" class=\"swiper-slide-image\" src=\"https:\/\/tecnobimpro.com\/wp-content\/uploads\/2023\/12\/2023-11-23_115000.jpg\" alt=\"2023-11-23_115000\" \/><\/figure><\/div><div class=\"swiper-slide\" role=\"group\" aria-roledescription=\"slide\" aria-label=\"4 of 11\" data-no-translation-aria-label=\"\"><figure class=\"swiper-slide-inner\"><img decoding=\"async\" class=\"swiper-slide-image\" src=\"https:\/\/tecnobimpro.com\/wp-content\/uploads\/2023\/12\/2-3.jpg\" alt=\"2\" \/><\/figure><\/div><div class=\"swiper-slide\" role=\"group\" aria-roledescription=\"slide\" aria-label=\"5 of 11\" data-no-translation-aria-label=\"\"><figure class=\"swiper-slide-inner\"><img decoding=\"async\" class=\"swiper-slide-image\" src=\"https:\/\/tecnobimpro.com\/wp-content\/uploads\/2023\/12\/2023-11-24_165851.jpg\" alt=\"2023-11-24_165851\" \/><\/figure><\/div><div class=\"swiper-slide\" role=\"group\" aria-roledescription=\"slide\" aria-label=\"6 of 11\" data-no-translation-aria-label=\"\"><figure class=\"swiper-slide-inner\"><img decoding=\"async\" class=\"swiper-slide-image\" src=\"https:\/\/tecnobimpro.com\/wp-content\/uploads\/2023\/12\/2023-11-27_112143.jpg\" alt=\"2023-11-27_112143\" \/><\/figure><\/div><div class=\"swiper-slide\" role=\"group\" aria-roledescription=\"slide\" aria-label=\"7 of 11\" data-no-translation-aria-label=\"\"><figure class=\"swiper-slide-inner\"><img decoding=\"async\" class=\"swiper-slide-image\" src=\"https:\/\/tecnobimpro.com\/wp-content\/uploads\/2023\/12\/2023-11-27_151110.jpg\" alt=\"2023-11-27_151110\" \/><\/figure><\/div><div class=\"swiper-slide\" role=\"group\" aria-roledescription=\"slide\" aria-label=\"8 of 11\" data-no-translation-aria-label=\"\"><figure class=\"swiper-slide-inner\"><img decoding=\"async\" class=\"swiper-slide-image\" src=\"https:\/\/tecnobimpro.com\/wp-content\/uploads\/2023\/12\/2023-11-27_161114.jpg\" alt=\"2023-11-27_161114\" \/><\/figure><\/div><div class=\"swiper-slide\" role=\"group\" aria-roledescription=\"slide\" aria-label=\"9 of 11\" data-no-translation-aria-label=\"\"><figure class=\"swiper-slide-inner\"><img decoding=\"async\" class=\"swiper-slide-image\" src=\"https:\/\/tecnobimpro.com\/wp-content\/uploads\/2023\/12\/2023-11-28_160231.jpg\" alt=\"2023-11-28_160231\" \/><\/figure><\/div><div class=\"swiper-slide\" role=\"group\" aria-roledescription=\"slide\" aria-label=\"10 of 11\" data-no-translation-aria-label=\"\"><figure class=\"swiper-slide-inner\"><img decoding=\"async\" class=\"swiper-slide-image\" src=\"https:\/\/tecnobimpro.com\/wp-content\/uploads\/2023\/12\/Torre.jpg\" alt=\"Torre\" \/><\/figure><\/div><div class=\"swiper-slide\" role=\"group\" aria-roledescription=\"slide\" aria-label=\"11 of 11\" data-no-translation-aria-label=\"\"><figure class=\"swiper-slide-inner\"><img decoding=\"async\" class=\"swiper-slide-image\" src=\"https:\/\/tecnobimpro.com\/wp-content\/uploads\/2023\/12\/2023-11-28_165649.jpg\" alt=\"2023-11-28_165649\" \/><\/figure><\/div>\t\t\t<\/div>\n\t\t\t\t\t\t\t\t\t\t\t\t<div class=\"elementor-swiper-button elementor-swiper-button-prev\" role=\"button\" tabindex=\"0\">\n\t\t\t\t\t\t<svg aria-hidden=\"true\" class=\"e-font-icon-svg e-eicon-chevron-left\" viewbox=\"0 0 1000 1000\" xmlns=\"http:\/\/www.w3.org\/2000\/svg\"><path d=\"M646 125C629 125 613 133 604 142L308 442C296 454 292 471 292 487 292 504 296 521 308 533L604 854C617 867 629 875 646 875 663 875 679 871 692 858 704 846 713 829 713 812 713 796 708 779 692 767L438 487 692 225C700 217 708 204 708 187 708 171 704 154 692 142 675 129 663 125 646 125Z\"><\/path><\/svg>\t\t\t\t\t<\/div>\n\t\t\t\t\t<div class=\"elementor-swiper-button elementor-swiper-button-next\" role=\"button\" tabindex=\"0\">\n\t\t\t\t\t\t<svg aria-hidden=\"true\" class=\"e-font-icon-svg e-eicon-chevron-right\" viewbox=\"0 0 1000 1000\" xmlns=\"http:\/\/www.w3.org\/2000\/svg\"><path d=\"M696 533C708 521 713 504 713 487 713 471 708 454 696 446L400 146C388 133 375 125 354 125 338 125 325 129 313 142 300 154 292 171 292 187 292 204 296 221 308 233L563 492 304 771C292 783 288 800 288 817 288 833 296 850 308 863 321 871 338 875 354 875 371 875 388 867 400 854L696 533Z\"><\/path><\/svg>\t\t\t\t\t<\/div>\n\t\t\t\t\n\t\t\t\t\t\t\t\t\t<div class=\"swiper-pagination\"><\/div>\n\t\t\t\t\t\t\t\t\t<\/div>\n\t\t\t\t\t\t<\/div>\n\t\t\t\t<\/div>\n\t\t\t\t\t<\/div>\n\t\t\t\t<\/div>\n\t\t<div class=\"elementor-element elementor-element-e1e13f5 e-flex e-con-boxed e-con e-parent\" data-id=\"e1e13f5\" data-element_type=\"container\" data-settings=\"{&quot;background_background&quot;:&quot;classic&quot;}\">\n\t\t\t\t\t<div class=\"e-con-inner\">\n\t\t\t\t<div class=\"elementor-element elementor-element-d823518 elementor-widget__width-initial elementor-fixed elementor-widget elementor-widget-heading\" data-id=\"d823518\" data-element_type=\"widget\" data-settings=\"{&quot;_position&quot;:&quot;fixed&quot;}\" data-widget_type=\"heading.default\">\n\t\t\t\t<div class=\"elementor-widget-container\">\n\t\t\t\t\t<p class=\"elementor-heading-title elementor-size-default\"><a href=\"https:\/\/tecnobimpro.com\/en\/presupuesto-bim\/\">Get a Free Quote<\/a><\/p>\t\t\t\t<\/div>\n\t\t\t\t<\/div>\n\t\t\t\t\t<\/div>\n\t\t\t\t<\/div>\n\t\t\t\t<\/div>","protected":false},"excerpt":{"rendered":"<p>Home &gt; Servicios &gt; AS BUILT 2D TO 3D AS BUILT 2D TO 3D En nuestros servicio As-Built 2D a 3D nos referimos a la conversi\u00f3n y actualizaci\u00f3n de planos o documentos existentes en formato bidimensional (2D) a modelos tridimensionales (3D REVIT) que representan con precisi\u00f3n la condici\u00f3n real de una edificaci\u00f3n o proyecto despu\u00e9s [&hellip;]<\/p>","protected":false},"author":2,"featured_media":0,"parent":0,"menu_order":0,"comment_status":"closed","ping_status":"closed","template":"elementor_header_footer","meta":{"_joinchat":{"view":"yes"},"footnotes":""},"class_list":["post-406","page","type-page","status-publish","hentry"],"yoast_head":"<!-- This site is optimized with the Yoast SEO plugin v26.6 - https:\/\/yoast.com\/wordpress\/plugins\/seo\/ -->\n<title>As Built 2D To 3D - TecnobimPro<\/title>\n<meta name=\"robots\" content=\"index, follow, max-snippet:-1, max-image-preview:large, max-video-preview:-1\" \/>\n<link rel=\"canonical\" href=\"https:\/\/tecnobimpro.com\/en\/as-built-2d-to-3d\/\" \/>\n<meta property=\"og:locale\" content=\"en_US\" \/>\n<meta property=\"og:type\" content=\"article\" \/>\n<meta property=\"og:title\" content=\"As Built 2D To 3D - TecnobimPro\" \/>\n<meta property=\"og:description\" content=\"Home &gt; Servicios &gt; AS BUILT 2D TO 3D AS BUILT 2D TO 3D En nuestros servicio As-Built 2D a 3D nos referimos a la conversi\u00f3n y actualizaci\u00f3n de planos o documentos existentes en formato bidimensional (2D) a modelos tridimensionales (3D REVIT) que representan con precisi\u00f3n la condici\u00f3n real de una edificaci\u00f3n o proyecto despu\u00e9s [&hellip;]\" \/>\n<meta property=\"og:url\" content=\"https:\/\/tecnobimpro.com\/en\/as-built-2d-to-3d\/\" \/>\n<meta property=\"og:site_name\" content=\"TecnobimPro\" \/>\n<meta property=\"article:modified_time\" content=\"2025-12-10T21:12:51+00:00\" \/>\n<meta property=\"og:image\" content=\"https:\/\/tecnobimpro.com\/wp-content\/uploads\/2023\/12\/2-2.jpg\" \/>\n<meta name=\"twitter:card\" content=\"summary_large_image\" \/>\n<meta name=\"twitter:label1\" content=\"Est. reading time\" \/>\n\t<meta name=\"twitter:data1\" content=\"1 minute\" \/>\n<script type=\"application\/ld+json\" class=\"yoast-schema-graph\">{\"@context\":\"https:\/\/schema.org\",\"@graph\":[{\"@type\":\"WebPage\",\"@id\":\"https:\/\/tecnobimpro.com\/as-built-2d-to-3d\/\",\"url\":\"https:\/\/tecnobimpro.com\/as-built-2d-to-3d\/\",\"name\":\"As Built 2D To 3D - TecnobimPro\",\"isPartOf\":{\"@id\":\"https:\/\/tecnobimpro.com\/#website\"},\"primaryImageOfPage\":{\"@id\":\"https:\/\/tecnobimpro.com\/as-built-2d-to-3d\/#primaryimage\"},\"image\":{\"@id\":\"https:\/\/tecnobimpro.com\/as-built-2d-to-3d\/#primaryimage\"},\"thumbnailUrl\":\"https:\/\/tecnobimpro.com\/wp-content\/uploads\/2023\/12\/2-2.jpg\",\"datePublished\":\"2023-12-18T13:28:38+00:00\",\"dateModified\":\"2025-12-10T21:12:51+00:00\",\"breadcrumb\":{\"@id\":\"https:\/\/tecnobimpro.com\/as-built-2d-to-3d\/#breadcrumb\"},\"inLanguage\":\"en-US\",\"potentialAction\":[{\"@type\":\"ReadAction\",\"target\":[\"https:\/\/tecnobimpro.com\/as-built-2d-to-3d\/\"]}]},{\"@type\":\"ImageObject\",\"inLanguage\":\"en-US\",\"@id\":\"https:\/\/tecnobimpro.com\/as-built-2d-to-3d\/#primaryimage\",\"url\":\"https:\/\/tecnobimpro.com\/wp-content\/uploads\/2023\/12\/2-2.jpg\",\"contentUrl\":\"https:\/\/tecnobimpro.com\/wp-content\/uploads\/2023\/12\/2-2.jpg\"},{\"@type\":\"BreadcrumbList\",\"@id\":\"https:\/\/tecnobimpro.com\/as-built-2d-to-3d\/#breadcrumb\",\"itemListElement\":[{\"@type\":\"ListItem\",\"position\":1,\"name\":\"Portada\",\"item\":\"https:\/\/tecnobimpro.com\/\"},{\"@type\":\"ListItem\",\"position\":2,\"name\":\"As Built 2D To 3D\"}]},{\"@type\":\"WebSite\",\"@id\":\"https:\/\/tecnobimpro.com\/#website\",\"url\":\"https:\/\/tecnobimpro.com\/\",\"name\":\"TecnobimPro\",\"description\":\"Especialistas en Modelado 3D Revit y en dise\u00f1o de proyectos BIM con costos por hora insuperables.\",\"publisher\":{\"@id\":\"https:\/\/tecnobimpro.com\/#organization\"},\"potentialAction\":[{\"@type\":\"SearchAction\",\"target\":{\"@type\":\"EntryPoint\",\"urlTemplate\":\"https:\/\/tecnobimpro.com\/?s={search_term_string}\"},\"query-input\":{\"@type\":\"PropertyValueSpecification\",\"valueRequired\":true,\"valueName\":\"search_term_string\"}}],\"inLanguage\":\"en-US\"},{\"@type\":\"Organization\",\"@id\":\"https:\/\/tecnobimpro.com\/#organization\",\"name\":\"TecnobimPro\",\"url\":\"https:\/\/tecnobimpro.com\/\",\"logo\":{\"@type\":\"ImageObject\",\"inLanguage\":\"en-US\",\"@id\":\"https:\/\/tecnobimpro.com\/#\/schema\/logo\/image\/\",\"url\":\"https:\/\/tecnobimpro.com\/wp-content\/uploads\/2023\/11\/logo-gradient-03.png\",\"contentUrl\":\"https:\/\/tecnobimpro.com\/wp-content\/uploads\/2023\/11\/logo-gradient-03.png\",\"width\":2084,\"height\":2084,\"caption\":\"TecnobimPro\"},\"image\":{\"@id\":\"https:\/\/tecnobimpro.com\/#\/schema\/logo\/image\/\"}}]}<\/script>\n<!-- \/ Yoast SEO plugin. -->","yoast_head_json":{"title":"As Built 2D To 3D - TecnobimPro","robots":{"index":"index","follow":"follow","max-snippet":"max-snippet:-1","max-image-preview":"max-image-preview:large","max-video-preview":"max-video-preview:-1"},"canonical":"https:\/\/tecnobimpro.com\/en\/as-built-2d-to-3d\/","og_locale":"en_US","og_type":"article","og_title":"As Built 2D To 3D - TecnobimPro","og_description":"Home &gt; Servicios &gt; AS BUILT 2D TO 3D AS BUILT 2D TO 3D En nuestros servicio As-Built 2D a 3D nos referimos a la conversi\u00f3n y actualizaci\u00f3n de planos o documentos existentes en formato bidimensional (2D) a modelos tridimensionales (3D REVIT) que representan con precisi\u00f3n la condici\u00f3n real de una edificaci\u00f3n o proyecto despu\u00e9s [&hellip;]","og_url":"https:\/\/tecnobimpro.com\/en\/as-built-2d-to-3d\/","og_site_name":"TecnobimPro","article_modified_time":"2025-12-10T21:12:51+00:00","og_image":[{"url":"https:\/\/tecnobimpro.com\/wp-content\/uploads\/2023\/12\/2-2.jpg","type":"","width":"","height":""}],"twitter_card":"summary_large_image","twitter_misc":{"Est. reading time":"1 minute"},"schema":{"@context":"https:\/\/schema.org","@graph":[{"@type":"WebPage","@id":"https:\/\/tecnobimpro.com\/as-built-2d-to-3d\/","url":"https:\/\/tecnobimpro.com\/as-built-2d-to-3d\/","name":"As Built 2D To 3D - TecnobimPro","isPartOf":{"@id":"https:\/\/tecnobimpro.com\/#website"},"primaryImageOfPage":{"@id":"https:\/\/tecnobimpro.com\/as-built-2d-to-3d\/#primaryimage"},"image":{"@id":"https:\/\/tecnobimpro.com\/as-built-2d-to-3d\/#primaryimage"},"thumbnailUrl":"https:\/\/tecnobimpro.com\/wp-content\/uploads\/2023\/12\/2-2.jpg","datePublished":"2023-12-18T13:28:38+00:00","dateModified":"2025-12-10T21:12:51+00:00","breadcrumb":{"@id":"https:\/\/tecnobimpro.com\/as-built-2d-to-3d\/#breadcrumb"},"inLanguage":"en-US","potentialAction":[{"@type":"ReadAction","target":["https:\/\/tecnobimpro.com\/as-built-2d-to-3d\/"]}]},{"@type":"ImageObject","inLanguage":"en-US","@id":"https:\/\/tecnobimpro.com\/as-built-2d-to-3d\/#primaryimage","url":"https:\/\/tecnobimpro.com\/wp-content\/uploads\/2023\/12\/2-2.jpg","contentUrl":"https:\/\/tecnobimpro.com\/wp-content\/uploads\/2023\/12\/2-2.jpg"},{"@type":"BreadcrumbList","@id":"https:\/\/tecnobimpro.com\/as-built-2d-to-3d\/#breadcrumb","itemListElement":[{"@type":"ListItem","position":1,"name":"Portada","item":"https:\/\/tecnobimpro.com\/"},{"@type":"ListItem","position":2,"name":"As Built 2D To 3D"}]},{"@type":"WebSite","@id":"https:\/\/tecnobimpro.com\/#website","url":"https:\/\/tecnobimpro.com\/","name":"TecnobimPro","description":"Especialistas en Modelado 3D Revit y en dise\u00f1o de proyectos BIM con costos por hora insuperables.","publisher":{"@id":"https:\/\/tecnobimpro.com\/#organization"},"potentialAction":[{"@type":"SearchAction","target":{"@type":"EntryPoint","urlTemplate":"https:\/\/tecnobimpro.com\/?s={search_term_string}"},"query-input":{"@type":"PropertyValueSpecification","valueRequired":true,"valueName":"search_term_string"}}],"inLanguage":"en-US"},{"@type":"Organization","@id":"https:\/\/tecnobimpro.com\/#organization","name":"TecnobimPro","url":"https:\/\/tecnobimpro.com\/","logo":{"@type":"ImageObject","inLanguage":"en-US","@id":"https:\/\/tecnobimpro.com\/#\/schema\/logo\/image\/","url":"https:\/\/tecnobimpro.com\/wp-content\/uploads\/2023\/11\/logo-gradient-03.png","contentUrl":"https:\/\/tecnobimpro.com\/wp-content\/uploads\/2023\/11\/logo-gradient-03.png","width":2084,"height":2084,"caption":"TecnobimPro"},"image":{"@id":"https:\/\/tecnobimpro.com\/#\/schema\/logo\/image\/"}}]}},"_links":{"self":[{"href":"https:\/\/tecnobimpro.com\/en\/wp-json\/wp\/v2\/pages\/406","targetHints":{"allow":["GET"]}}],"collection":[{"href":"https:\/\/tecnobimpro.com\/en\/wp-json\/wp\/v2\/pages"}],"about":[{"href":"https:\/\/tecnobimpro.com\/en\/wp-json\/wp\/v2\/types\/page"}],"author":[{"embeddable":true,"href":"https:\/\/tecnobimpro.com\/en\/wp-json\/wp\/v2\/users\/2"}],"replies":[{"embeddable":true,"href":"https:\/\/tecnobimpro.com\/en\/wp-json\/wp\/v2\/comments?post=406"}],"version-history":[{"count":33,"href":"https:\/\/tecnobimpro.com\/en\/wp-json\/wp\/v2\/pages\/406\/revisions"}],"predecessor-version":[{"id":3149,"href":"https:\/\/tecnobimpro.com\/en\/wp-json\/wp\/v2\/pages\/406\/revisions\/3149"}],"wp:attachment":[{"href":"https:\/\/tecnobimpro.com\/en\/wp-json\/wp\/v2\/media?parent=406"}],"curies":[{"name":"wp","href":"https:\/\/api.w.org\/{rel}","templated":true}]}}