{"id":270,"date":"2023-12-14T19:14:15","date_gmt":"2023-12-14T19:14:15","guid":{"rendered":"https:\/\/tecnobimpro.com\/?page_id=270"},"modified":"2025-12-08T16:51:52","modified_gmt":"2025-12-08T16:51:52","slug":"lod-400","status":"publish","type":"page","link":"https:\/\/tecnobimpro.com\/en\/lod-400\/","title":{"rendered":"LOD 400"},"content":{"rendered":"<div data-elementor-type=\"wp-page\" data-elementor-id=\"270\" class=\"elementor elementor-270\" data-elementor-post-type=\"page\">\n\t\t\t\t<div class=\"elementor-element elementor-element-2ffd2da e-con-full e-flex e-con e-parent\" data-id=\"2ffd2da\" data-element_type=\"container\" data-settings=\"{&quot;background_background&quot;:&quot;classic&quot;}\">\n\t\t<div class=\"elementor-element elementor-element-e5e893c e-flex e-con-boxed e-con e-child\" data-id=\"e5e893c\" data-element_type=\"container\">\n\t\t\t\t\t<div class=\"e-con-inner\">\n\t\t\t\t<div class=\"elementor-element elementor-element-c201a8a elementor-widget elementor-widget-button\" data-id=\"c201a8a\" data-element_type=\"widget\" data-widget_type=\"button.default\">\n\t\t\t\t<div class=\"elementor-widget-container\">\n\t\t\t\t\t\t\t\t\t<div class=\"elementor-button-wrapper\">\n\t\t\t\t\t<a class=\"elementor-button elementor-button-link elementor-size-sm\" href=\"https:\/\/tecnobimpro.com\/en\/home\/\">\n\t\t\t\t\t\t<span class=\"elementor-button-content-wrapper\">\n\t\t\t\t\t\t\t\t\t<span class=\"elementor-button-text\">Home<\/span>\n\t\t\t\t\t<\/span>\n\t\t\t\t\t<\/a>\n\t\t\t\t<\/div>\n\t\t\t\t\t\t\t\t<\/div>\n\t\t\t\t<\/div>\n\t\t\t\t<div class=\"elementor-element elementor-element-3bcab79 elementor-widget elementor-widget-heading\" data-id=\"3bcab79\" data-element_type=\"widget\" data-widget_type=\"heading.default\">\n\t\t\t\t<div class=\"elementor-widget-container\">\n\t\t\t\t\t<p class=\"elementor-heading-title elementor-size-default\">&gt;<\/p>\t\t\t\t<\/div>\n\t\t\t\t<\/div>\n\t\t\t\t<div class=\"elementor-element elementor-element-0380c52 elementor-widget elementor-widget-heading\" data-id=\"0380c52\" data-element_type=\"widget\" data-widget_type=\"heading.default\">\n\t\t\t\t<div class=\"elementor-widget-container\">\n\t\t\t\t\t<p class=\"elementor-heading-title elementor-size-default\">LOD 400<\/p>\t\t\t\t<\/div>\n\t\t\t\t<\/div>\n\t\t\t\t\t<\/div>\n\t\t\t\t<\/div>\n\t\t\t\t<\/div>\n\t\t<div class=\"elementor-element elementor-element-41f8449 e-flex e-con-boxed e-con e-parent\" data-id=\"41f8449\" data-element_type=\"container\" data-settings=\"{&quot;background_background&quot;:&quot;classic&quot;}\">\n\t\t\t\t\t<div class=\"e-con-inner\">\n\t\t<div class=\"elementor-element elementor-element-51509ca e-flex e-con-boxed e-con e-child\" data-id=\"51509ca\" data-element_type=\"container\">\n\t\t\t\t\t<div class=\"e-con-inner\">\n\t\t\t\t<div class=\"elementor-element elementor-element-c76ca39 elementor-widget elementor-widget-spacer\" data-id=\"c76ca39\" data-element_type=\"widget\" data-widget_type=\"spacer.default\">\n\t\t\t\t<div class=\"elementor-widget-container\">\n\t\t\t\t\t\t\t<div class=\"elementor-spacer\">\n\t\t\t<div class=\"elementor-spacer-inner\"><\/div>\n\t\t<\/div>\n\t\t\t\t\t\t<\/div>\n\t\t\t\t<\/div>\n\t\t\t\t<div class=\"elementor-element elementor-element-eed8506 elementor-widget elementor-widget-heading\" data-id=\"eed8506\" data-element_type=\"widget\" data-widget_type=\"heading.default\">\n\t\t\t\t<div class=\"elementor-widget-container\">\n\t\t\t\t\t<h2 class=\"elementor-heading-title elementor-size-default\">LOD 400<\/h2>\t\t\t\t<\/div>\n\t\t\t\t<\/div>\n\t\t\t\t<div class=\"elementor-element elementor-element-bd72dff elementor-widget elementor-widget-text-editor\" data-id=\"bd72dff\" data-element_type=\"widget\" data-widget_type=\"text-editor.default\">\n\t\t\t\t<div class=\"elementor-widget-container\">\n\t\t\t\t\t\t\t\t\t<p>The object element is geometrically defined in detail, including its position, belonging to a specific construction system, use, and assembly in terms of quantities, dimensions, shape, location, and orientation, with complete detailing. It encompasses specific manufacturing information for the project, installation, and assembly. The possibility of including non-graphical information related to the element is also indicated.<\/p><p><strong>Uses:<\/strong><\/p><p><strong>\u2022 An\u00e1lisis:<\/strong>\u00a0The element can be analyzed for its operation based on specific criteria of the element itself and the construction systems or assemblies to which it belongs. It may require supplementary non-graphical information.<\/p><p>\u2022\u00a0<strong>Cost:<\/strong>\u00a0Specific and precise valuation of the element based on concrete manufacturing and on-site data, considering the purchase price.<\/p><p>\u2022\u00a0<strong>Programming:<\/strong>\u00a0The element can be used to display time schedules and priority criteria, including manufacturing timelines and associated tasks.<\/p><p>\u2022\u00a0<strong>Coordination:<\/strong>\u00a0The element can be used to coordinate with other project elements based on dimensions, location, paths, and distances from others, including specific usage and maintenance data. Collision detection between elements is also included.<\/p>\t\t\t\t\t\t\t\t<\/div>\n\t\t\t\t<\/div>\n\t\t\t\t\t<\/div>\n\t\t\t\t<\/div>\n\t\t<div class=\"elementor-element elementor-element-1ede524 e-flex e-con-boxed e-con e-child\" data-id=\"1ede524\" data-element_type=\"container\">\n\t\t\t\t\t<div class=\"e-con-inner\">\n\t\t\t\t<div class=\"elementor-element elementor-element-8b23013 elementor-widget elementor-widget-image\" data-id=\"8b23013\" data-element_type=\"widget\" data-widget_type=\"image.default\">\n\t\t\t\t<div class=\"elementor-widget-container\">\n\t\t\t\t\t\t\t\t\t\t\t\t\t\t\t<img fetchpriority=\"high\" decoding=\"async\" width=\"800\" height=\"735\" src=\"https:\/\/tecnobimpro.com\/wp-content\/uploads\/2023\/12\/LOD-400-1-1024x941.jpg\" class=\"attachment-large size-large wp-image-1057\" alt=\"\" srcset=\"https:\/\/tecnobimpro.com\/wp-content\/uploads\/2023\/12\/LOD-400-1-1024x941.jpg 1024w, https:\/\/tecnobimpro.com\/wp-content\/uploads\/2023\/12\/LOD-400-1-300x276.jpg 300w, https:\/\/tecnobimpro.com\/wp-content\/uploads\/2023\/12\/LOD-400-1-768x706.jpg 768w, https:\/\/tecnobimpro.com\/wp-content\/uploads\/2023\/12\/LOD-400-1.jpg 1175w\" sizes=\"(max-width: 800px) 100vw, 800px\" \/>\t\t\t\t\t\t\t\t\t\t\t\t\t\t\t<\/div>\n\t\t\t\t<\/div>\n\t\t\t\t\t<\/div>\n\t\t\t\t<\/div>\n\t\t\t\t\t<\/div>\n\t\t\t\t<\/div>\n\t\t\t\t<\/div>","protected":false},"excerpt":{"rendered":"<p>Home &gt; LOD 400 LOD 400 El elemento objeto est\u00e1 definido geom\u00e9tricamente en detalle, as\u00ed como su posici\u00f3n, pertenencia a un sistema constructivo espec\u00edfico, uso y montaje en t\u00e9rminos de cantidades, dimensiones, forma, ubicaci\u00f3n y orientaci\u00f3n con detallado completo, informaci\u00f3n de fabricaci\u00f3n espec\u00edfica para el proyecto, puesta en obra\/montaje e instalaci\u00f3n. Tambi\u00e9n se indica la [&hellip;]<\/p>","protected":false},"author":2,"featured_media":0,"parent":0,"menu_order":0,"comment_status":"closed","ping_status":"closed","template":"elementor_header_footer","meta":{"_joinchat":{"view":"yes"},"footnotes":""},"class_list":["post-270","page","type-page","status-publish","hentry"],"yoast_head":"<!-- This site is optimized with the Yoast SEO plugin v26.6 - https:\/\/yoast.com\/wordpress\/plugins\/seo\/ -->\n<title>LOD 400 - TecnobimPro<\/title>\n<meta name=\"robots\" content=\"index, follow, max-snippet:-1, max-image-preview:large, max-video-preview:-1\" \/>\n<link rel=\"canonical\" href=\"https:\/\/tecnobimpro.com\/en\/lod-400\/\" \/>\n<meta property=\"og:locale\" content=\"en_US\" \/>\n<meta property=\"og:type\" content=\"article\" \/>\n<meta property=\"og:title\" content=\"LOD 400 - TecnobimPro\" \/>\n<meta property=\"og:description\" content=\"Home &gt; LOD 400 LOD 400 El elemento objeto est\u00e1 definido geom\u00e9tricamente en detalle, as\u00ed como su posici\u00f3n, pertenencia a un sistema constructivo espec\u00edfico, uso y montaje en t\u00e9rminos de cantidades, dimensiones, forma, ubicaci\u00f3n y orientaci\u00f3n con detallado completo, informaci\u00f3n de fabricaci\u00f3n espec\u00edfica para el proyecto, puesta en obra\/montaje e instalaci\u00f3n. Tambi\u00e9n se indica la [&hellip;]\" \/>\n<meta property=\"og:url\" content=\"https:\/\/tecnobimpro.com\/en\/lod-400\/\" \/>\n<meta property=\"og:site_name\" content=\"TecnobimPro\" \/>\n<meta property=\"article:modified_time\" content=\"2025-12-08T16:51:52+00:00\" \/>\n<meta property=\"og:image\" content=\"https:\/\/tecnobimpro.com\/wp-content\/uploads\/2023\/12\/LOD-400-1.jpg\" \/>\n\t<meta property=\"og:image:width\" content=\"1175\" \/>\n\t<meta property=\"og:image:height\" content=\"1080\" \/>\n\t<meta property=\"og:image:type\" content=\"image\/jpeg\" \/>\n<meta name=\"twitter:card\" content=\"summary_large_image\" \/>\n<meta name=\"twitter:label1\" content=\"Est. reading time\" \/>\n\t<meta name=\"twitter:data1\" content=\"1 minute\" \/>\n<script type=\"application\/ld+json\" class=\"yoast-schema-graph\">{\"@context\":\"https:\/\/schema.org\",\"@graph\":[{\"@type\":\"WebPage\",\"@id\":\"https:\/\/tecnobimpro.com\/lod-400\/\",\"url\":\"https:\/\/tecnobimpro.com\/lod-400\/\",\"name\":\"LOD 400 - TecnobimPro\",\"isPartOf\":{\"@id\":\"https:\/\/tecnobimpro.com\/#website\"},\"primaryImageOfPage\":{\"@id\":\"https:\/\/tecnobimpro.com\/lod-400\/#primaryimage\"},\"image\":{\"@id\":\"https:\/\/tecnobimpro.com\/lod-400\/#primaryimage\"},\"thumbnailUrl\":\"https:\/\/tecnobimpro.com\/wp-content\/uploads\/2023\/12\/LOD-400-1-1024x941.jpg\",\"datePublished\":\"2023-12-14T19:14:15+00:00\",\"dateModified\":\"2025-12-08T16:51:52+00:00\",\"breadcrumb\":{\"@id\":\"https:\/\/tecnobimpro.com\/lod-400\/#breadcrumb\"},\"inLanguage\":\"en-US\",\"potentialAction\":[{\"@type\":\"ReadAction\",\"target\":[\"https:\/\/tecnobimpro.com\/lod-400\/\"]}]},{\"@type\":\"ImageObject\",\"inLanguage\":\"en-US\",\"@id\":\"https:\/\/tecnobimpro.com\/lod-400\/#primaryimage\",\"url\":\"https:\/\/tecnobimpro.com\/wp-content\/uploads\/2023\/12\/LOD-400-1-1024x941.jpg\",\"contentUrl\":\"https:\/\/tecnobimpro.com\/wp-content\/uploads\/2023\/12\/LOD-400-1-1024x941.jpg\"},{\"@type\":\"BreadcrumbList\",\"@id\":\"https:\/\/tecnobimpro.com\/lod-400\/#breadcrumb\",\"itemListElement\":[{\"@type\":\"ListItem\",\"position\":1,\"name\":\"Portada\",\"item\":\"https:\/\/tecnobimpro.com\/\"},{\"@type\":\"ListItem\",\"position\":2,\"name\":\"LOD 400\"}]},{\"@type\":\"WebSite\",\"@id\":\"https:\/\/tecnobimpro.com\/#website\",\"url\":\"https:\/\/tecnobimpro.com\/\",\"name\":\"TecnobimPro\",\"description\":\"Especialistas en Modelado 3D Revit y en dise\u00f1o de proyectos BIM con costos por hora insuperables.\",\"publisher\":{\"@id\":\"https:\/\/tecnobimpro.com\/#organization\"},\"potentialAction\":[{\"@type\":\"SearchAction\",\"target\":{\"@type\":\"EntryPoint\",\"urlTemplate\":\"https:\/\/tecnobimpro.com\/?s={search_term_string}\"},\"query-input\":{\"@type\":\"PropertyValueSpecification\",\"valueRequired\":true,\"valueName\":\"search_term_string\"}}],\"inLanguage\":\"en-US\"},{\"@type\":\"Organization\",\"@id\":\"https:\/\/tecnobimpro.com\/#organization\",\"name\":\"TecnobimPro\",\"url\":\"https:\/\/tecnobimpro.com\/\",\"logo\":{\"@type\":\"ImageObject\",\"inLanguage\":\"en-US\",\"@id\":\"https:\/\/tecnobimpro.com\/#\/schema\/logo\/image\/\",\"url\":\"https:\/\/tecnobimpro.com\/wp-content\/uploads\/2023\/11\/logo-gradient-03.png\",\"contentUrl\":\"https:\/\/tecnobimpro.com\/wp-content\/uploads\/2023\/11\/logo-gradient-03.png\",\"width\":2084,\"height\":2084,\"caption\":\"TecnobimPro\"},\"image\":{\"@id\":\"https:\/\/tecnobimpro.com\/#\/schema\/logo\/image\/\"}}]}<\/script>\n<!-- \/ Yoast SEO plugin. -->","yoast_head_json":{"title":"LOD 400 - TecnobimPro","robots":{"index":"index","follow":"follow","max-snippet":"max-snippet:-1","max-image-preview":"max-image-preview:large","max-video-preview":"max-video-preview:-1"},"canonical":"https:\/\/tecnobimpro.com\/en\/lod-400\/","og_locale":"en_US","og_type":"article","og_title":"LOD 400 - TecnobimPro","og_description":"Home &gt; LOD 400 LOD 400 El elemento objeto est\u00e1 definido geom\u00e9tricamente en detalle, as\u00ed como su posici\u00f3n, pertenencia a un sistema constructivo espec\u00edfico, uso y montaje en t\u00e9rminos de cantidades, dimensiones, forma, ubicaci\u00f3n y orientaci\u00f3n con detallado completo, informaci\u00f3n de fabricaci\u00f3n espec\u00edfica para el proyecto, puesta en obra\/montaje e instalaci\u00f3n. Tambi\u00e9n se indica la [&hellip;]","og_url":"https:\/\/tecnobimpro.com\/en\/lod-400\/","og_site_name":"TecnobimPro","article_modified_time":"2025-12-08T16:51:52+00:00","og_image":[{"width":1175,"height":1080,"url":"https:\/\/tecnobimpro.com\/wp-content\/uploads\/2023\/12\/LOD-400-1.jpg","type":"image\/jpeg"}],"twitter_card":"summary_large_image","twitter_misc":{"Est. reading time":"1 minute"},"schema":{"@context":"https:\/\/schema.org","@graph":[{"@type":"WebPage","@id":"https:\/\/tecnobimpro.com\/lod-400\/","url":"https:\/\/tecnobimpro.com\/lod-400\/","name":"LOD 400 - TecnobimPro","isPartOf":{"@id":"https:\/\/tecnobimpro.com\/#website"},"primaryImageOfPage":{"@id":"https:\/\/tecnobimpro.com\/lod-400\/#primaryimage"},"image":{"@id":"https:\/\/tecnobimpro.com\/lod-400\/#primaryimage"},"thumbnailUrl":"https:\/\/tecnobimpro.com\/wp-content\/uploads\/2023\/12\/LOD-400-1-1024x941.jpg","datePublished":"2023-12-14T19:14:15+00:00","dateModified":"2025-12-08T16:51:52+00:00","breadcrumb":{"@id":"https:\/\/tecnobimpro.com\/lod-400\/#breadcrumb"},"inLanguage":"en-US","potentialAction":[{"@type":"ReadAction","target":["https:\/\/tecnobimpro.com\/lod-400\/"]}]},{"@type":"ImageObject","inLanguage":"en-US","@id":"https:\/\/tecnobimpro.com\/lod-400\/#primaryimage","url":"https:\/\/tecnobimpro.com\/wp-content\/uploads\/2023\/12\/LOD-400-1-1024x941.jpg","contentUrl":"https:\/\/tecnobimpro.com\/wp-content\/uploads\/2023\/12\/LOD-400-1-1024x941.jpg"},{"@type":"BreadcrumbList","@id":"https:\/\/tecnobimpro.com\/lod-400\/#breadcrumb","itemListElement":[{"@type":"ListItem","position":1,"name":"Portada","item":"https:\/\/tecnobimpro.com\/"},{"@type":"ListItem","position":2,"name":"LOD 400"}]},{"@type":"WebSite","@id":"https:\/\/tecnobimpro.com\/#website","url":"https:\/\/tecnobimpro.com\/","name":"TecnobimPro","description":"Especialistas en Modelado 3D Revit y en dise\u00f1o de proyectos BIM con costos por hora insuperables.","publisher":{"@id":"https:\/\/tecnobimpro.com\/#organization"},"potentialAction":[{"@type":"SearchAction","target":{"@type":"EntryPoint","urlTemplate":"https:\/\/tecnobimpro.com\/?s={search_term_string}"},"query-input":{"@type":"PropertyValueSpecification","valueRequired":true,"valueName":"search_term_string"}}],"inLanguage":"en-US"},{"@type":"Organization","@id":"https:\/\/tecnobimpro.com\/#organization","name":"TecnobimPro","url":"https:\/\/tecnobimpro.com\/","logo":{"@type":"ImageObject","inLanguage":"en-US","@id":"https:\/\/tecnobimpro.com\/#\/schema\/logo\/image\/","url":"https:\/\/tecnobimpro.com\/wp-content\/uploads\/2023\/11\/logo-gradient-03.png","contentUrl":"https:\/\/tecnobimpro.com\/wp-content\/uploads\/2023\/11\/logo-gradient-03.png","width":2084,"height":2084,"caption":"TecnobimPro"},"image":{"@id":"https:\/\/tecnobimpro.com\/#\/schema\/logo\/image\/"}}]}},"_links":{"self":[{"href":"https:\/\/tecnobimpro.com\/en\/wp-json\/wp\/v2\/pages\/270","targetHints":{"allow":["GET"]}}],"collection":[{"href":"https:\/\/tecnobimpro.com\/en\/wp-json\/wp\/v2\/pages"}],"about":[{"href":"https:\/\/tecnobimpro.com\/en\/wp-json\/wp\/v2\/types\/page"}],"author":[{"embeddable":true,"href":"https:\/\/tecnobimpro.com\/en\/wp-json\/wp\/v2\/users\/2"}],"replies":[{"embeddable":true,"href":"https:\/\/tecnobimpro.com\/en\/wp-json\/wp\/v2\/comments?post=270"}],"version-history":[{"count":29,"href":"https:\/\/tecnobimpro.com\/en\/wp-json\/wp\/v2\/pages\/270\/revisions"}],"predecessor-version":[{"id":2959,"href":"https:\/\/tecnobimpro.com\/en\/wp-json\/wp\/v2\/pages\/270\/revisions\/2959"}],"wp:attachment":[{"href":"https:\/\/tecnobimpro.com\/en\/wp-json\/wp\/v2\/media?parent=270"}],"curies":[{"name":"wp","href":"https:\/\/api.w.org\/{rel}","templated":true}]}}