{"id":195,"date":"2023-12-13T20:28:24","date_gmt":"2023-12-13T20:28:24","guid":{"rendered":"https:\/\/tecnobimpro.com\/?page_id=195"},"modified":"2025-12-10T21:35:22","modified_gmt":"2025-12-10T21:35:22","slug":"nosotros","status":"publish","type":"page","link":"https:\/\/tecnobimpro.com\/en\/nosotros\/","title":{"rendered":"About us"},"content":{"rendered":"<div data-elementor-type=\"wp-page\" data-elementor-id=\"195\" class=\"elementor elementor-195\" data-elementor-post-type=\"page\">\n\t\t\t\t<div class=\"elementor-element elementor-element-2b64bd3 e-con-full e-flex e-con e-parent\" data-id=\"2b64bd3\" data-element_type=\"container\" data-settings=\"{&quot;background_background&quot;:&quot;video&quot;,&quot;background_video_link&quot;:&quot;https:\\\/\\\/youtu.be\\\/s4VdF2fFaX8&quot;,&quot;background_play_on_mobile&quot;:&quot;yes&quot;}\">\n\t\t<div class=\"elementor-background-video-container\" aria-hidden=\"true\">\n\t\t\t\t\t\t\t<div class=\"elementor-background-video-embed\"><\/div>\n\t\t\t\t\t\t<\/div>\t\t<\/div>\n\t\t<div class=\"elementor-element elementor-element-b282ff4 e-flex e-con-boxed e-con e-parent\" data-id=\"b282ff4\" data-element_type=\"container\" data-settings=\"{&quot;background_background&quot;:&quot;classic&quot;}\">\n\t\t\t\t\t<div class=\"e-con-inner\">\n\t\t\t\t<div class=\"elementor-element elementor-element-3e8dd3d elementor-widget elementor-widget-text-editor\" data-id=\"3e8dd3d\" data-element_type=\"widget\" data-widget_type=\"text-editor.default\">\n\t\t\t\t<div class=\"elementor-widget-container\">\n\t\t\t\t\t\t\t\t\t<p>In TecnoBIMpro<\/p><p>We are a passionate team of professionals dedicated to 3D Modeling, Coordination, and BIM Project Development. At the core of our business identity lies a deep commitment to technical excellence and constant innovation. We take pride in being leaders in the transformation of the construction industry, utilizing advanced technologies to efficiently and precisely bring our clients' vision to reality.<\/p><p>Our expertise is built on years of dedication to Building Information Modeling (BIM), a methodology that has revolutionized the way projects are conceived, designed, and executed today. From the creation of detailed 3D models to the coordination of information among multidisciplinary teams, our experience in BIM is the foundation upon which we construct successful projects.<\/p>\t\t\t\t\t\t\t\t<\/div>\n\t\t\t\t<\/div>\n\t\t\t\t<div class=\"elementor-element elementor-element-9e8287e elementor-widget elementor-widget-heading\" data-id=\"9e8287e\" data-element_type=\"widget\" data-widget_type=\"heading.default\">\n\t\t\t\t<div class=\"elementor-widget-container\">\n\t\t\t\t\t<h2 class=\"elementor-heading-title elementor-size-default\">Why quote with TecnoBIM Pro?<\/h2>\t\t\t\t<\/div>\n\t\t\t\t<\/div>\n\t\t\t\t\t<\/div>\n\t\t\t\t<\/div>\n\t\t<div class=\"elementor-element elementor-element-bb2b15c e-con-full e-flex e-con e-parent\" data-id=\"bb2b15c\" data-element_type=\"container\">\n\t\t<div class=\"elementor-element elementor-element-7a68714 e-con-full e-flex e-con e-child\" data-id=\"7a68714\" data-element_type=\"container\" data-settings=\"{&quot;background_background&quot;:&quot;classic&quot;}\">\n\t\t\t\t<div class=\"elementor-element elementor-element-ffb79f9 elementor-widget elementor-widget-text-editor\" data-id=\"ffb79f9\" data-element_type=\"widget\" data-widget_type=\"text-editor.default\">\n\t\t\t\t<div class=\"elementor-widget-container\">\n\t\t\t\t\t\t\t\t\t<p>We are a team of Architects and engineers committed to developing high quality projects<\/p>\t\t\t\t\t\t\t\t<\/div>\n\t\t\t\t<\/div>\n\t\t\t\t<div class=\"elementor-element elementor-element-d638918 elementor-widget elementor-widget-heading\" data-id=\"d638918\" data-element_type=\"widget\" data-widget_type=\"heading.default\">\n\t\t\t\t<div class=\"elementor-widget-container\">\n\t\t\t\t\t<h2 class=\"elementor-heading-title elementor-size-default\">Professionalism<\/h2>\t\t\t\t<\/div>\n\t\t\t\t<\/div>\n\t\t\t\t<\/div>\n\t\t<div class=\"elementor-element elementor-element-d17c18b e-con-full e-flex e-con e-child\" data-id=\"d17c18b\" data-element_type=\"container\" data-settings=\"{&quot;background_background&quot;:&quot;classic&quot;}\">\n\t\t\t\t<div class=\"elementor-element elementor-element-31e7bae elementor-widget elementor-widget-text-editor\" data-id=\"31e7bae\" data-element_type=\"widget\" data-widget_type=\"text-editor.default\">\n\t\t\t\t<div class=\"elementor-widget-container\">\n\t\t\t\t\t\t\t\t\t<p>Excellence in every detail.<\/p>\t\t\t\t\t\t\t\t<\/div>\n\t\t\t\t<\/div>\n\t\t\t\t<div class=\"elementor-element elementor-element-d98cfda elementor-widget elementor-widget-heading\" data-id=\"d98cfda\" data-element_type=\"widget\" data-widget_type=\"heading.default\">\n\t\t\t\t<div class=\"elementor-widget-container\">\n\t\t\t\t\t<h2 class=\"elementor-heading-title elementor-size-default\">Quality<\/h2>\t\t\t\t<\/div>\n\t\t\t\t<\/div>\n\t\t\t\t<\/div>\n\t\t<div class=\"elementor-element elementor-element-c3ae59f e-con-full e-flex e-con e-child\" data-id=\"c3ae59f\" data-element_type=\"container\" data-settings=\"{&quot;background_background&quot;:&quot;classic&quot;}\">\n\t\t\t\t<div class=\"elementor-element elementor-element-814cfed elementor-widget elementor-widget-text-editor\" data-id=\"814cfed\" data-element_type=\"widget\" data-widget_type=\"text-editor.default\">\n\t\t\t\t<div class=\"elementor-widget-container\">\n\t\t\t\t\t\t\t\t\t<div class=\"elementor-element elementor-element-814cfed elementor-widget elementor-widget-text-editor\" data-id=\"814cfed\" data-element_type=\"widget\" data-widget_type=\"text-editor.default\"><div class=\"elementor-widget-container\"><p>Optimized time for your projects at an affordable cost.<\/p><\/div><\/div>\t\t\t\t\t\t\t\t<\/div>\n\t\t\t\t<\/div>\n\t\t\t\t<div class=\"elementor-element elementor-element-07aba75 elementor-widget elementor-widget-heading\" data-id=\"07aba75\" data-element_type=\"widget\" data-widget_type=\"heading.default\">\n\t\t\t\t<div class=\"elementor-widget-container\">\n\t\t\t\t\t<h2 class=\"elementor-heading-title elementor-size-default\">Budget<\/h2>\t\t\t\t<\/div>\n\t\t\t\t<\/div>\n\t\t\t\t<\/div>\n\t\t\t\t<\/div>\n\t\t<div class=\"elementor-element elementor-element-414be06 e-con-full e-flex e-con e-parent\" data-id=\"414be06\" data-element_type=\"container\">\n\t\t<div class=\"elementor-element elementor-element-fbdefe2 e-con-full e-flex e-con e-child\" data-id=\"fbdefe2\" data-element_type=\"container\">\n\t\t\t\t<div class=\"elementor-element elementor-element-8e22b6a elementor-widget elementor-widget-heading\" data-id=\"8e22b6a\" data-element_type=\"widget\" data-widget_type=\"heading.default\">\n\t\t\t\t<div class=\"elementor-widget-container\">\n\t\t\t\t\t<h2 class=\"elementor-heading-title elementor-size-default\">How do we make it possible?<\/h2>\t\t\t\t<\/div>\n\t\t\t\t<\/div>\n\t\t\t\t<div class=\"elementor-element elementor-element-f73b509 elementor-widget elementor-widget-text-editor\" data-id=\"f73b509\" data-element_type=\"widget\" data-widget_type=\"text-editor.default\">\n\t\t\t\t<div class=\"elementor-widget-container\">\n\t\t\t\t\t\t\t\t\t<p>At TecnoBIMpro, we take pride in unveiling how we achieve excellence in every Modeling, Coordination, and BIM Project Development. Our methodology blends technical precision with innovative creativity to deliver outstanding results.<\/p><p><strong>Detailed Assessment:<\/strong>\u00a0We commence each project with a thorough assessment of your needs and objectives. We grasp your vision and specific requirements to establish a solid foundation.<\/p><p><strong>Strategic Planning:<\/strong>\u00a0We develop a detailed strategic plan covering all project phases. This includes resource allocation, scheduling, and identifying potential challenges.<\/p><p><strong>BIM Modeling:<\/strong>\u00a0We employ cutting-edge technology to create accurate and detailed 3D models that serve as the backbone of your project. These models capture every aspect and detail.<\/p><p><strong>Multidisciplinary Coordination:<\/strong>\u00a0We foster close collaboration among design, engineering, and construction teams. We use BIM as a common language to minimize conflicts and optimize coordination.<\/p><p><strong>Documentation:<\/strong>\u00a0We generate precise technical documentation that guides construction and manufacturing. Every detail is meticulously documented to ensure quality and accuracy.<\/p><p><strong>Development and Monitoring:<\/strong>\u00a0We oversee every phase of the project, ensuring deadlines and budgets are met. We are committed to excellence and quality at every stage.<\/p>\t\t\t\t\t\t\t\t<\/div>\n\t\t\t\t<\/div>\n\t\t\t\t<\/div>\n\t\t<div class=\"elementor-element elementor-element-0458a77 e-con-full e-flex e-con e-child\" data-id=\"0458a77\" data-element_type=\"container\" data-settings=\"{&quot;background_background&quot;:&quot;classic&quot;}\">\n\t\t\t\t<\/div>\n\t\t\t\t<\/div>\n\t\t<div class=\"elementor-element elementor-element-ee42969 e-flex e-con-boxed e-con e-parent\" data-id=\"ee42969\" data-element_type=\"container\">\n\t\t\t\t\t<div class=\"e-con-inner\">\n\t\t\t\t<div class=\"elementor-element elementor-element-b8ff7f7 elementor-widget__width-initial elementor-fixed elementor-widget elementor-widget-heading\" data-id=\"b8ff7f7\" data-element_type=\"widget\" data-settings=\"{&quot;_position&quot;:&quot;fixed&quot;}\" data-widget_type=\"heading.default\">\n\t\t\t\t<div class=\"elementor-widget-container\">\n\t\t\t\t\t<p class=\"elementor-heading-title elementor-size-default\"><a href=\"https:\/\/tecnobimpro.com\/en\/presupuesto-bim\/\">Get a Free Quote<\/a><\/p>\t\t\t\t<\/div>\n\t\t\t\t<\/div>\n\t\t\t\t\t<\/div>\n\t\t\t\t<\/div>\n\t\t\t\t<\/div>","protected":false},"excerpt":{"rendered":"<p>En TecnoBIMpro Somos un equipo apasionado de profesionales dedicados al Modelado 3D, Coordinaci\u00f3n y Desarrollo de Proyectos BIM. En el n\u00facleo de nuestra identidad empresarial se encuentra una profunda dedicaci\u00f3n a la excelencia t\u00e9cnica y la innovaci\u00f3n constante. Nos enorgullecemos de ser l\u00edderes en la transformaci\u00f3n de la industria de la construcci\u00f3n, utilizando tecnolog\u00edas avanzadas [&hellip;]<\/p>","protected":false},"author":2,"featured_media":0,"parent":0,"menu_order":0,"comment_status":"closed","ping_status":"closed","template":"elementor_header_footer","meta":{"_joinchat":{"view":"yes"},"footnotes":""},"class_list":["post-195","page","type-page","status-publish","hentry"],"yoast_head":"<!-- This site is optimized with the Yoast SEO plugin v26.6 - https:\/\/yoast.com\/wordpress\/plugins\/seo\/ -->\n<title>Nosotros - TecnobimPro<\/title>\n<meta name=\"robots\" content=\"index, follow, max-snippet:-1, max-image-preview:large, max-video-preview:-1\" \/>\n<link rel=\"canonical\" href=\"https:\/\/tecnobimpro.com\/en\/nosotros\/\" \/>\n<meta property=\"og:locale\" content=\"en_US\" \/>\n<meta property=\"og:type\" content=\"article\" \/>\n<meta property=\"og:title\" content=\"Nosotros - TecnobimPro\" \/>\n<meta property=\"og:description\" content=\"En TecnoBIMpro Somos un equipo apasionado de profesionales dedicados al Modelado 3D, Coordinaci\u00f3n y Desarrollo de Proyectos BIM. En el n\u00facleo de nuestra identidad empresarial se encuentra una profunda dedicaci\u00f3n a la excelencia t\u00e9cnica y la innovaci\u00f3n constante. Nos enorgullecemos de ser l\u00edderes en la transformaci\u00f3n de la industria de la construcci\u00f3n, utilizando tecnolog\u00edas avanzadas [&hellip;]\" \/>\n<meta property=\"og:url\" content=\"https:\/\/tecnobimpro.com\/en\/nosotros\/\" \/>\n<meta property=\"og:site_name\" content=\"TecnobimPro\" \/>\n<meta property=\"article:modified_time\" content=\"2025-12-10T21:35:22+00:00\" \/>\n<meta name=\"twitter:card\" content=\"summary_large_image\" \/>\n<meta name=\"twitter:label1\" content=\"Est. reading time\" \/>\n\t<meta name=\"twitter:data1\" content=\"2 minutes\" \/>\n<script type=\"application\/ld+json\" class=\"yoast-schema-graph\">{\"@context\":\"https:\/\/schema.org\",\"@graph\":[{\"@type\":\"WebPage\",\"@id\":\"https:\/\/tecnobimpro.com\/nosotros\/\",\"url\":\"https:\/\/tecnobimpro.com\/nosotros\/\",\"name\":\"Nosotros - TecnobimPro\",\"isPartOf\":{\"@id\":\"https:\/\/tecnobimpro.com\/#website\"},\"datePublished\":\"2023-12-13T20:28:24+00:00\",\"dateModified\":\"2025-12-10T21:35:22+00:00\",\"breadcrumb\":{\"@id\":\"https:\/\/tecnobimpro.com\/nosotros\/#breadcrumb\"},\"inLanguage\":\"en-US\",\"potentialAction\":[{\"@type\":\"ReadAction\",\"target\":[\"https:\/\/tecnobimpro.com\/nosotros\/\"]}]},{\"@type\":\"BreadcrumbList\",\"@id\":\"https:\/\/tecnobimpro.com\/nosotros\/#breadcrumb\",\"itemListElement\":[{\"@type\":\"ListItem\",\"position\":1,\"name\":\"Portada\",\"item\":\"https:\/\/tecnobimpro.com\/\"},{\"@type\":\"ListItem\",\"position\":2,\"name\":\"Nosotros\"}]},{\"@type\":\"WebSite\",\"@id\":\"https:\/\/tecnobimpro.com\/#website\",\"url\":\"https:\/\/tecnobimpro.com\/\",\"name\":\"TecnobimPro\",\"description\":\"Especialistas en Modelado 3D Revit y en dise\u00f1o de proyectos BIM con costos por hora insuperables.\",\"publisher\":{\"@id\":\"https:\/\/tecnobimpro.com\/#organization\"},\"potentialAction\":[{\"@type\":\"SearchAction\",\"target\":{\"@type\":\"EntryPoint\",\"urlTemplate\":\"https:\/\/tecnobimpro.com\/?s={search_term_string}\"},\"query-input\":{\"@type\":\"PropertyValueSpecification\",\"valueRequired\":true,\"valueName\":\"search_term_string\"}}],\"inLanguage\":\"en-US\"},{\"@type\":\"Organization\",\"@id\":\"https:\/\/tecnobimpro.com\/#organization\",\"name\":\"TecnobimPro\",\"url\":\"https:\/\/tecnobimpro.com\/\",\"logo\":{\"@type\":\"ImageObject\",\"inLanguage\":\"en-US\",\"@id\":\"https:\/\/tecnobimpro.com\/#\/schema\/logo\/image\/\",\"url\":\"https:\/\/tecnobimpro.com\/wp-content\/uploads\/2023\/11\/logo-gradient-03.png\",\"contentUrl\":\"https:\/\/tecnobimpro.com\/wp-content\/uploads\/2023\/11\/logo-gradient-03.png\",\"width\":2084,\"height\":2084,\"caption\":\"TecnobimPro\"},\"image\":{\"@id\":\"https:\/\/tecnobimpro.com\/#\/schema\/logo\/image\/\"}}]}<\/script>\n<!-- \/ Yoast SEO plugin. -->","yoast_head_json":{"title":"Nosotros - TecnobimPro","robots":{"index":"index","follow":"follow","max-snippet":"max-snippet:-1","max-image-preview":"max-image-preview:large","max-video-preview":"max-video-preview:-1"},"canonical":"https:\/\/tecnobimpro.com\/en\/nosotros\/","og_locale":"en_US","og_type":"article","og_title":"Nosotros - TecnobimPro","og_description":"En TecnoBIMpro Somos un equipo apasionado de profesionales dedicados al Modelado 3D, Coordinaci\u00f3n y Desarrollo de Proyectos BIM. En el n\u00facleo de nuestra identidad empresarial se encuentra una profunda dedicaci\u00f3n a la excelencia t\u00e9cnica y la innovaci\u00f3n constante. Nos enorgullecemos de ser l\u00edderes en la transformaci\u00f3n de la industria de la construcci\u00f3n, utilizando tecnolog\u00edas avanzadas [&hellip;]","og_url":"https:\/\/tecnobimpro.com\/en\/nosotros\/","og_site_name":"TecnobimPro","article_modified_time":"2025-12-10T21:35:22+00:00","twitter_card":"summary_large_image","twitter_misc":{"Est. reading time":"2 minutes"},"schema":{"@context":"https:\/\/schema.org","@graph":[{"@type":"WebPage","@id":"https:\/\/tecnobimpro.com\/nosotros\/","url":"https:\/\/tecnobimpro.com\/nosotros\/","name":"Nosotros - TecnobimPro","isPartOf":{"@id":"https:\/\/tecnobimpro.com\/#website"},"datePublished":"2023-12-13T20:28:24+00:00","dateModified":"2025-12-10T21:35:22+00:00","breadcrumb":{"@id":"https:\/\/tecnobimpro.com\/nosotros\/#breadcrumb"},"inLanguage":"en-US","potentialAction":[{"@type":"ReadAction","target":["https:\/\/tecnobimpro.com\/nosotros\/"]}]},{"@type":"BreadcrumbList","@id":"https:\/\/tecnobimpro.com\/nosotros\/#breadcrumb","itemListElement":[{"@type":"ListItem","position":1,"name":"Portada","item":"https:\/\/tecnobimpro.com\/"},{"@type":"ListItem","position":2,"name":"Nosotros"}]},{"@type":"WebSite","@id":"https:\/\/tecnobimpro.com\/#website","url":"https:\/\/tecnobimpro.com\/","name":"TecnobimPro","description":"Especialistas en Modelado 3D Revit y en dise\u00f1o de proyectos BIM con costos por hora insuperables.","publisher":{"@id":"https:\/\/tecnobimpro.com\/#organization"},"potentialAction":[{"@type":"SearchAction","target":{"@type":"EntryPoint","urlTemplate":"https:\/\/tecnobimpro.com\/?s={search_term_string}"},"query-input":{"@type":"PropertyValueSpecification","valueRequired":true,"valueName":"search_term_string"}}],"inLanguage":"en-US"},{"@type":"Organization","@id":"https:\/\/tecnobimpro.com\/#organization","name":"TecnobimPro","url":"https:\/\/tecnobimpro.com\/","logo":{"@type":"ImageObject","inLanguage":"en-US","@id":"https:\/\/tecnobimpro.com\/#\/schema\/logo\/image\/","url":"https:\/\/tecnobimpro.com\/wp-content\/uploads\/2023\/11\/logo-gradient-03.png","contentUrl":"https:\/\/tecnobimpro.com\/wp-content\/uploads\/2023\/11\/logo-gradient-03.png","width":2084,"height":2084,"caption":"TecnobimPro"},"image":{"@id":"https:\/\/tecnobimpro.com\/#\/schema\/logo\/image\/"}}]}},"_links":{"self":[{"href":"https:\/\/tecnobimpro.com\/en\/wp-json\/wp\/v2\/pages\/195","targetHints":{"allow":["GET"]}}],"collection":[{"href":"https:\/\/tecnobimpro.com\/en\/wp-json\/wp\/v2\/pages"}],"about":[{"href":"https:\/\/tecnobimpro.com\/en\/wp-json\/wp\/v2\/types\/page"}],"author":[{"embeddable":true,"href":"https:\/\/tecnobimpro.com\/en\/wp-json\/wp\/v2\/users\/2"}],"replies":[{"embeddable":true,"href":"https:\/\/tecnobimpro.com\/en\/wp-json\/wp\/v2\/comments?post=195"}],"version-history":[{"count":84,"href":"https:\/\/tecnobimpro.com\/en\/wp-json\/wp\/v2\/pages\/195\/revisions"}],"predecessor-version":[{"id":3191,"href":"https:\/\/tecnobimpro.com\/en\/wp-json\/wp\/v2\/pages\/195\/revisions\/3191"}],"wp:attachment":[{"href":"https:\/\/tecnobimpro.com\/en\/wp-json\/wp\/v2\/media?parent=195"}],"curies":[{"name":"wp","href":"https:\/\/api.w.org\/{rel}","templated":true}]}}